{"id":1172,"date":"2020-11-17T12:57:02","date_gmt":"2020-11-17T12:57:02","guid":{"rendered":"https:\/\/www.hiaqua.de\/?page_id=1172"},"modified":"2024-03-01T12:03:38","modified_gmt":"2024-03-01T12:03:38","slug":"impressum","status":"publish","type":"page","link":"https:\/\/www.vitalo-care.com\/de\/impressum\/","title":{"rendered":"Impressum"},"content":{"rendered":"\r\n<p><strong>Firmenanschrift:<br \/><\/strong><\/p>\r\n<p>VitaloCare<sub>\u00ae<\/sub> <br \/>eine Business Unit der Vitalo Life Science GmbH<\/p>\r\n<p>Lahnstra\u00dfe 35<\/p>\r\n<p>45478 M\u00fclheim an der Ruhr<\/p>\r\n<p style=\"font-weight: 400;\">Deutschland<\/p>\r\n<p>Gesch\u00e4ftsf\u00fchrer: Marcus Herrschaft<\/p>\r\n<p>E-Mail:\u00a0<a href=\"mailto:herrschaft@vitalo-care.com\">herrschaft@vitalo-care.com<\/a> <br \/>Internet: <a href=\"https:\/\/www.vitalo-care.com\" target=\"_blank\" rel=\"noopener\">www.vitalo-care.com<\/a><\/p>\r\n<p>Registergericht: Amtsgericht Duisburg HRB 34684, Umsatzsteuer-Identifikationsnummer gem\u00e4\u00df \u00a7 27 a Umsatzsteuergesetz: DE347503088 Inhaltlich Verantwortlicher gem\u00e4\u00df \u00a7 10 Absatz 3 MDStV: Marcus Herrschaft, Lahnstra\u00dfe 35, 45478 M\u00fclheim an der Ruhr, Deutschland Haftungshinweis: Trotz sorgf\u00e4ltiger inhaltlicher Kontrolle \u00fcbernehmen wir keine Haftung f\u00fcr die Inhalte externer Links.<br \/>F\u00fcr den Inhalt der verlinkten Seiten sind ausschlie\u00dflich deren Betreiber verantwortlich.<\/p>\r\n<p>&nbsp;<\/p>\r\n<p>Online-Streitbeilegung gem\u00e4\u00df Art. 14 Abs. 1 ODR-VO: Die Europ\u00e4ische Kommission stellt eine Plattform zur Online-Streitbeilegung (OS) bereit, die Sie unter\u00a0<a href=\"http:\/\/ec.europa.eu\/consumers\/odr\/\" target=\"_blank\" rel=\"noopener noreferrer\">http:\/\/ec.europa.eu\/consumers\/odr\/<\/a>\u00a0finden.<\/p>\r\n","protected":false},"excerpt":{"rendered":"<p>Firmenanschrift: VitaloCare\u00ae eine Business Unit der Vitalo Life Science GmbH Lahnstra\u00dfe 35 45478 M\u00fclheim an der Ruhr Deutschland Gesch\u00e4ftsf\u00fchrer: Marcus Herrschaft E-Mail:\u00a0herrschaft@vitalo-care.com Internet: www.vitalo-care.com Registergericht: Amtsgericht Duisburg HRB 34684, Umsatzsteuer-Identifikationsnummer gem\u00e4\u00df \u00a7 27 a Umsatzsteuergesetz: DE347503088 Inhaltlich Verantwortlicher gem\u00e4\u00df \u00a7 10 Absatz 3 MDStV: Marcus Herrschaft, Lahnstra\u00dfe 35, 45478 M\u00fclheim an der Ruhr, Deutschland Haftungshinweis: [&hellip;]<\/p>\n","protected":false},"author":4,"featured_media":0,"parent":0,"menu_order":0,"comment_status":"closed","ping_status":"closed","template":"","meta":{"footnotes":""},"class_list":["post-1172","page","type-page","status-publish","hentry"],"yoast_head":"<!-- This site is optimized with the Yoast SEO plugin v27.3 - https:\/\/yoast.com\/product\/yoast-seo-wordpress\/ -->\n<title>Impressum - VitaloCare\u00ae<\/title>\n<meta name=\"description\" content=\"Impressum - VitaloCare\u00ae - Hochwertige Hyalurons\u00e4ure Produkte f\u00fcr Kosmetik, Lebensmittel &amp; mehr \u25ba Jetzt beim Gro\u00dfh\u00e4ndler kaufen!\" \/>\n<meta name=\"robots\" content=\"index, follow, max-snippet:-1, max-image-preview:large, max-video-preview:-1\" \/>\n<link rel=\"canonical\" href=\"https:\/\/www.vitalo-care.com\/de\/impressum\/\" \/>\n<meta property=\"og:locale\" content=\"de_DE\" \/>\n<meta property=\"og:type\" content=\"article\" \/>\n<meta property=\"og:title\" content=\"Impressum - VitaloCare\u00ae\" \/>\n<meta property=\"og:description\" content=\"Impressum - VitaloCare\u00ae - Hochwertige Hyalurons\u00e4ure Produkte f\u00fcr Kosmetik, Lebensmittel &amp; mehr \u25ba Jetzt beim Gro\u00dfh\u00e4ndler kaufen!\" \/>\n<meta property=\"og:url\" content=\"https:\/\/www.vitalo-care.com\/de\/impressum\/\" \/>\n<meta property=\"og:site_name\" content=\"VitaloCare\u00ae\" \/>\n<meta property=\"article:modified_time\" content=\"2024-03-01T12:03:38+00:00\" \/>\n<meta name=\"twitter:card\" content=\"summary_large_image\" \/>\n<meta name=\"twitter:label1\" content=\"Gesch\u00e4tzte Lesezeit\" \/>\n\t<meta name=\"twitter:data1\" content=\"1\u00a0Minute\" \/>\n<script type=\"application\/ld+json\" class=\"yoast-schema-graph\">{\"@context\":\"https:\\\/\\\/schema.org\",\"@graph\":[{\"@type\":\"WebPage\",\"@id\":\"https:\\\/\\\/www.vitalo-care.com\\\/de\\\/impressum\\\/\",\"url\":\"https:\\\/\\\/www.vitalo-care.com\\\/de\\\/impressum\\\/\",\"name\":\"Impressum - VitaloCare\u00ae\",\"isPartOf\":{\"@id\":\"https:\\\/\\\/www.vitalo-care.com\\\/#website\"},\"datePublished\":\"2020-11-17T12:57:02+00:00\",\"dateModified\":\"2024-03-01T12:03:38+00:00\",\"description\":\"Impressum - VitaloCare\u00ae - Hochwertige Hyalurons\u00e4ure Produkte f\u00fcr Kosmetik, Lebensmittel & mehr \u25ba Jetzt beim Gro\u00dfh\u00e4ndler kaufen!\",\"breadcrumb\":{\"@id\":\"https:\\\/\\\/www.vitalo-care.com\\\/de\\\/impressum\\\/#breadcrumb\"},\"inLanguage\":\"de\",\"potentialAction\":[{\"@type\":\"ReadAction\",\"target\":[\"https:\\\/\\\/www.vitalo-care.com\\\/de\\\/impressum\\\/\"]}]},{\"@type\":\"BreadcrumbList\",\"@id\":\"https:\\\/\\\/www.vitalo-care.com\\\/de\\\/impressum\\\/#breadcrumb\",\"itemListElement\":[{\"@type\":\"ListItem\",\"position\":1,\"name\":\"Home\",\"item\":\"https:\\\/\\\/www.vitalo-care.com\\\/de\\\/\"},{\"@type\":\"ListItem\",\"position\":2,\"name\":\"Impressum\"}]},{\"@type\":\"WebSite\",\"@id\":\"https:\\\/\\\/www.vitalo-care.com\\\/#website\",\"url\":\"https:\\\/\\\/www.vitalo-care.com\\\/\",\"name\":\"VitaloCare\u00ae\",\"description\":\"Hochwertige Hyaluron-Produkte\",\"potentialAction\":[{\"@type\":\"SearchAction\",\"target\":{\"@type\":\"EntryPoint\",\"urlTemplate\":\"https:\\\/\\\/www.vitalo-care.com\\\/?s={search_term_string}\"},\"query-input\":{\"@type\":\"PropertyValueSpecification\",\"valueRequired\":true,\"valueName\":\"search_term_string\"}}],\"inLanguage\":\"de\"}]}<\/script>\n<!-- \/ Yoast SEO plugin. -->","yoast_head_json":{"title":"Impressum - VitaloCare\u00ae","description":"Impressum - VitaloCare\u00ae - Hochwertige Hyalurons\u00e4ure Produkte f\u00fcr Kosmetik, Lebensmittel & mehr \u25ba Jetzt beim Gro\u00dfh\u00e4ndler kaufen!","robots":{"index":"index","follow":"follow","max-snippet":"max-snippet:-1","max-image-preview":"max-image-preview:large","max-video-preview":"max-video-preview:-1"},"canonical":"https:\/\/www.vitalo-care.com\/de\/impressum\/","og_locale":"de_DE","og_type":"article","og_title":"Impressum - VitaloCare\u00ae","og_description":"Impressum - VitaloCare\u00ae - Hochwertige Hyalurons\u00e4ure Produkte f\u00fcr Kosmetik, Lebensmittel & mehr \u25ba Jetzt beim Gro\u00dfh\u00e4ndler kaufen!","og_url":"https:\/\/www.vitalo-care.com\/de\/impressum\/","og_site_name":"VitaloCare\u00ae","article_modified_time":"2024-03-01T12:03:38+00:00","twitter_card":"summary_large_image","twitter_misc":{"Gesch\u00e4tzte Lesezeit":"1\u00a0Minute"},"schema":{"@context":"https:\/\/schema.org","@graph":[{"@type":"WebPage","@id":"https:\/\/www.vitalo-care.com\/de\/impressum\/","url":"https:\/\/www.vitalo-care.com\/de\/impressum\/","name":"Impressum - VitaloCare\u00ae","isPartOf":{"@id":"https:\/\/www.vitalo-care.com\/#website"},"datePublished":"2020-11-17T12:57:02+00:00","dateModified":"2024-03-01T12:03:38+00:00","description":"Impressum - VitaloCare\u00ae - Hochwertige Hyalurons\u00e4ure Produkte f\u00fcr Kosmetik, Lebensmittel & mehr \u25ba Jetzt beim Gro\u00dfh\u00e4ndler kaufen!","breadcrumb":{"@id":"https:\/\/www.vitalo-care.com\/de\/impressum\/#breadcrumb"},"inLanguage":"de","potentialAction":[{"@type":"ReadAction","target":["https:\/\/www.vitalo-care.com\/de\/impressum\/"]}]},{"@type":"BreadcrumbList","@id":"https:\/\/www.vitalo-care.com\/de\/impressum\/#breadcrumb","itemListElement":[{"@type":"ListItem","position":1,"name":"Home","item":"https:\/\/www.vitalo-care.com\/de\/"},{"@type":"ListItem","position":2,"name":"Impressum"}]},{"@type":"WebSite","@id":"https:\/\/www.vitalo-care.com\/#website","url":"https:\/\/www.vitalo-care.com\/","name":"VitaloCare\u00ae","description":"Hochwertige Hyaluron-Produkte","potentialAction":[{"@type":"SearchAction","target":{"@type":"EntryPoint","urlTemplate":"https:\/\/www.vitalo-care.com\/?s={search_term_string}"},"query-input":{"@type":"PropertyValueSpecification","valueRequired":true,"valueName":"search_term_string"}}],"inLanguage":"de"}]}},"_links":{"self":[{"href":"https:\/\/www.vitalo-care.com\/de\/wp-json\/wp\/v2\/pages\/1172","targetHints":{"allow":["GET"]}}],"collection":[{"href":"https:\/\/www.vitalo-care.com\/de\/wp-json\/wp\/v2\/pages"}],"about":[{"href":"https:\/\/www.vitalo-care.com\/de\/wp-json\/wp\/v2\/types\/page"}],"author":[{"embeddable":true,"href":"https:\/\/www.vitalo-care.com\/de\/wp-json\/wp\/v2\/users\/4"}],"replies":[{"embeddable":true,"href":"https:\/\/www.vitalo-care.com\/de\/wp-json\/wp\/v2\/comments?post=1172"}],"version-history":[{"count":0,"href":"https:\/\/www.vitalo-care.com\/de\/wp-json\/wp\/v2\/pages\/1172\/revisions"}],"wp:attachment":[{"href":"https:\/\/www.vitalo-care.com\/de\/wp-json\/wp\/v2\/media?parent=1172"}],"curies":[{"name":"wp","href":"https:\/\/api.w.org\/{rel}","templated":true}]}}